{"id":1042,"date":"2020-03-31T17:34:28","date_gmt":"2020-03-31T20:34:28","guid":{"rendered":"https:\/\/christianassis.com\/blog\/?page_id=1042"},"modified":"2020-03-31T18:28:56","modified_gmt":"2020-03-31T21:28:56","slug":"permita-viajar-em-seus-sonhos","status":"publish","type":"page","link":"https:\/\/christianassis.com\/blog\/permita-viajar-em-seus-sonhos\/","title":{"rendered":"Permita Viajar em Seus Sonhos"},"content":{"rendered":"\n<p>Bem-vindo, Caro leitor.<\/p>\n\n\n\n<p>A presente obra contempla um conjunto de poemas que foram escritos de 2010 at\u00e9 2019, completando 10 anos compilados. O primeiro poema deste livro remete aos meus 14 anos, o \u00faltimo aos meus 23, todos esses anos de transforma\u00e7\u00f5es est\u00e3o expressos em grande parte nesses poemas. As datas que seguem os t\u00edtulos s\u00e3o reais, pessoas reais foram alvo de algumas palavras, por\u00e9m nenhum nome foi citado. As revis\u00f5es contemplaram apenas corre\u00e7\u00f5es ortogr\u00e1ficas, sem afetar o conte\u00fado. Espero que a fic\u00e7\u00e3o embolada aos sentimentos e sensa\u00e7\u00f5es que senti e sinto sejam atrativos. A leitura pode trazer um mundo de possibilidades e semelhan\u00e7as, experi\u00eancias alheias podem servir de reflex\u00e3o \u00e0s muitas que ir\u00e1 escrever em seu livro da vida. <\/p>\n\n\n\n<div class=\"wp-block-image\"><figure class=\"aligncenter size-large is-resized\"><img loading=\"lazy\" decoding=\"async\" src=\"https:\/\/christianassis.com\/blog\/wp-content\/uploads\/2020\/03\/31g27rJq6dL-1.jpg\" alt=\"\" class=\"wp-image-1056\" width=\"239\" height=\"312\"\/><figcaption> Para adquirir, clique <a href=\"https:\/\/www.amazon.com.br\/Permita-Viajar-em-Seus-Sonhos-ebook\/dp\/B0818Z5Q82\/ref=sr_1_4?__mk_pt_BR=%C3%85M%C3%85%C5%BD%C3%95%C3%91&amp;keywords=christian+assis&amp;qid=1585686802&amp;sr=8-4\">aqui<\/a>. <\/figcaption><\/figure><\/div>\n\n\n\n<p><\/p>\n","protected":false},"excerpt":{"rendered":"<p>Bem-vindo, Caro leitor. A presente obra contempla um conjunto de poemas que foram escritos de [&hellip;]<\/p>\n","protected":false},"author":1,"featured_media":0,"parent":0,"menu_order":0,"comment_status":"closed","ping_status":"closed","template":"","meta":{"_exactmetrics_skip_tracking":false,"_exactmetrics_sitenote_active":false,"_exactmetrics_sitenote_note":"","_exactmetrics_sitenote_category":0,"jetpack_post_was_ever_published":false,"footnotes":""},"class_list":["post-1042","page","type-page","status-publish","hentry","entry","grid"],"yoast_head":"<!-- This site is optimized with the Yoast SEO plugin v27.4 - https:\/\/yoast.com\/product\/yoast-seo-wordpress\/ -->\n<title>Permita Viajar em Seus Sonhos - CHRISTIAN ASSIS BLOG<\/title>\n<meta name=\"robots\" content=\"index, follow, max-snippet:-1, max-image-preview:large, max-video-preview:-1\" \/>\n<link rel=\"canonical\" href=\"https:\/\/christianassis.com\/blog\/permita-viajar-em-seus-sonhos\/\" \/>\n<meta property=\"og:locale\" content=\"pt_BR\" \/>\n<meta property=\"og:type\" content=\"article\" \/>\n<meta property=\"og:title\" content=\"Permita Viajar em Seus Sonhos - CHRISTIAN ASSIS BLOG\" \/>\n<meta property=\"og:description\" content=\"Bem-vindo, Caro leitor. A presente obra contempla um conjunto de poemas que foram escritos de [&hellip;]\" \/>\n<meta property=\"og:url\" content=\"https:\/\/christianassis.com\/blog\/permita-viajar-em-seus-sonhos\/\" \/>\n<meta property=\"og:site_name\" content=\"CHRISTIAN ASSIS BLOG\" \/>\n<meta property=\"article:modified_time\" content=\"2020-03-31T21:28:56+00:00\" \/>\n<meta property=\"og:image\" content=\"https:\/\/christianassis.com\/blog\/wp-content\/uploads\/2020\/03\/31g27rJq6dL-1.jpg\" \/>\n<meta name=\"twitter:card\" content=\"summary_large_image\" \/>\n<meta name=\"twitter:label1\" content=\"Est. tempo de leitura\" \/>\n\t<meta name=\"twitter:data1\" content=\"1 minuto\" \/>\n<script type=\"application\/ld+json\" class=\"yoast-schema-graph\">{\"@context\":\"https:\\\/\\\/schema.org\",\"@graph\":[{\"@type\":\"WebPage\",\"@id\":\"https:\\\/\\\/christianassis.com\\\/blog\\\/permita-viajar-em-seus-sonhos\\\/\",\"url\":\"https:\\\/\\\/christianassis.com\\\/blog\\\/permita-viajar-em-seus-sonhos\\\/\",\"name\":\"Permita Viajar em Seus Sonhos - CHRISTIAN ASSIS BLOG\",\"isPartOf\":{\"@id\":\"https:\\\/\\\/christianassis.com\\\/blog\\\/#website\"},\"primaryImageOfPage\":{\"@id\":\"https:\\\/\\\/christianassis.com\\\/blog\\\/permita-viajar-em-seus-sonhos\\\/#primaryimage\"},\"image\":{\"@id\":\"https:\\\/\\\/christianassis.com\\\/blog\\\/permita-viajar-em-seus-sonhos\\\/#primaryimage\"},\"thumbnailUrl\":\"https:\\\/\\\/christianassis.com\\\/blog\\\/wp-content\\\/uploads\\\/2020\\\/03\\\/31g27rJq6dL-1.jpg\",\"datePublished\":\"2020-03-31T20:34:28+00:00\",\"dateModified\":\"2020-03-31T21:28:56+00:00\",\"breadcrumb\":{\"@id\":\"https:\\\/\\\/christianassis.com\\\/blog\\\/permita-viajar-em-seus-sonhos\\\/#breadcrumb\"},\"inLanguage\":\"pt-BR\",\"potentialAction\":[{\"@type\":\"ReadAction\",\"target\":[\"https:\\\/\\\/christianassis.com\\\/blog\\\/permita-viajar-em-seus-sonhos\\\/\"]}]},{\"@type\":\"ImageObject\",\"inLanguage\":\"pt-BR\",\"@id\":\"https:\\\/\\\/christianassis.com\\\/blog\\\/permita-viajar-em-seus-sonhos\\\/#primaryimage\",\"url\":\"https:\\\/\\\/christianassis.com\\\/blog\\\/wp-content\\\/uploads\\\/2020\\\/03\\\/31g27rJq6dL-1.jpg\",\"contentUrl\":\"https:\\\/\\\/christianassis.com\\\/blog\\\/wp-content\\\/uploads\\\/2020\\\/03\\\/31g27rJq6dL-1.jpg\",\"width\":379,\"height\":500},{\"@type\":\"BreadcrumbList\",\"@id\":\"https:\\\/\\\/christianassis.com\\\/blog\\\/permita-viajar-em-seus-sonhos\\\/#breadcrumb\",\"itemListElement\":[{\"@type\":\"ListItem\",\"position\":1,\"name\":\"Home\",\"item\":\"https:\\\/\\\/christianassis.com\\\/blog\\\/\"},{\"@type\":\"ListItem\",\"position\":2,\"name\":\"Permita Viajar em Seus Sonhos\"}]},{\"@type\":\"WebSite\",\"@id\":\"https:\\\/\\\/christianassis.com\\\/blog\\\/#website\",\"url\":\"https:\\\/\\\/christianassis.com\\\/blog\\\/\",\"name\":\"CHRISTIAN ASSIS BLOG\",\"description\":\"Pensamentos em Geral\",\"potentialAction\":[{\"@type\":\"SearchAction\",\"target\":{\"@type\":\"EntryPoint\",\"urlTemplate\":\"https:\\\/\\\/christianassis.com\\\/blog\\\/?s={search_term_string}\"},\"query-input\":{\"@type\":\"PropertyValueSpecification\",\"valueRequired\":true,\"valueName\":\"search_term_string\"}}],\"inLanguage\":\"pt-BR\"}]}<\/script>\n<!-- \/ Yoast SEO plugin. -->","yoast_head_json":{"title":"Permita Viajar em Seus Sonhos - CHRISTIAN ASSIS BLOG","robots":{"index":"index","follow":"follow","max-snippet":"max-snippet:-1","max-image-preview":"max-image-preview:large","max-video-preview":"max-video-preview:-1"},"canonical":"https:\/\/christianassis.com\/blog\/permita-viajar-em-seus-sonhos\/","og_locale":"pt_BR","og_type":"article","og_title":"Permita Viajar em Seus Sonhos - CHRISTIAN ASSIS BLOG","og_description":"Bem-vindo, Caro leitor. A presente obra contempla um conjunto de poemas que foram escritos de [&hellip;]","og_url":"https:\/\/christianassis.com\/blog\/permita-viajar-em-seus-sonhos\/","og_site_name":"CHRISTIAN ASSIS BLOG","article_modified_time":"2020-03-31T21:28:56+00:00","og_image":[{"url":"https:\/\/christianassis.com\/blog\/wp-content\/uploads\/2020\/03\/31g27rJq6dL-1.jpg","type":"","width":"","height":""}],"twitter_card":"summary_large_image","twitter_misc":{"Est. tempo de leitura":"1 minuto"},"schema":{"@context":"https:\/\/schema.org","@graph":[{"@type":"WebPage","@id":"https:\/\/christianassis.com\/blog\/permita-viajar-em-seus-sonhos\/","url":"https:\/\/christianassis.com\/blog\/permita-viajar-em-seus-sonhos\/","name":"Permita Viajar em Seus Sonhos - CHRISTIAN ASSIS BLOG","isPartOf":{"@id":"https:\/\/christianassis.com\/blog\/#website"},"primaryImageOfPage":{"@id":"https:\/\/christianassis.com\/blog\/permita-viajar-em-seus-sonhos\/#primaryimage"},"image":{"@id":"https:\/\/christianassis.com\/blog\/permita-viajar-em-seus-sonhos\/#primaryimage"},"thumbnailUrl":"https:\/\/christianassis.com\/blog\/wp-content\/uploads\/2020\/03\/31g27rJq6dL-1.jpg","datePublished":"2020-03-31T20:34:28+00:00","dateModified":"2020-03-31T21:28:56+00:00","breadcrumb":{"@id":"https:\/\/christianassis.com\/blog\/permita-viajar-em-seus-sonhos\/#breadcrumb"},"inLanguage":"pt-BR","potentialAction":[{"@type":"ReadAction","target":["https:\/\/christianassis.com\/blog\/permita-viajar-em-seus-sonhos\/"]}]},{"@type":"ImageObject","inLanguage":"pt-BR","@id":"https:\/\/christianassis.com\/blog\/permita-viajar-em-seus-sonhos\/#primaryimage","url":"https:\/\/christianassis.com\/blog\/wp-content\/uploads\/2020\/03\/31g27rJq6dL-1.jpg","contentUrl":"https:\/\/christianassis.com\/blog\/wp-content\/uploads\/2020\/03\/31g27rJq6dL-1.jpg","width":379,"height":500},{"@type":"BreadcrumbList","@id":"https:\/\/christianassis.com\/blog\/permita-viajar-em-seus-sonhos\/#breadcrumb","itemListElement":[{"@type":"ListItem","position":1,"name":"Home","item":"https:\/\/christianassis.com\/blog\/"},{"@type":"ListItem","position":2,"name":"Permita Viajar em Seus Sonhos"}]},{"@type":"WebSite","@id":"https:\/\/christianassis.com\/blog\/#website","url":"https:\/\/christianassis.com\/blog\/","name":"CHRISTIAN ASSIS BLOG","description":"Pensamentos em Geral","potentialAction":[{"@type":"SearchAction","target":{"@type":"EntryPoint","urlTemplate":"https:\/\/christianassis.com\/blog\/?s={search_term_string}"},"query-input":{"@type":"PropertyValueSpecification","valueRequired":true,"valueName":"search_term_string"}}],"inLanguage":"pt-BR"}]}},"jetpack_sharing_enabled":true,"jetpack_shortlink":"https:\/\/wp.me\/Pah7sf-gO","_links":{"self":[{"href":"https:\/\/christianassis.com\/blog\/wp-json\/wp\/v2\/pages\/1042","targetHints":{"allow":["GET"]}}],"collection":[{"href":"https:\/\/christianassis.com\/blog\/wp-json\/wp\/v2\/pages"}],"about":[{"href":"https:\/\/christianassis.com\/blog\/wp-json\/wp\/v2\/types\/page"}],"author":[{"embeddable":true,"href":"https:\/\/christianassis.com\/blog\/wp-json\/wp\/v2\/users\/1"}],"replies":[{"embeddable":true,"href":"https:\/\/christianassis.com\/blog\/wp-json\/wp\/v2\/comments?post=1042"}],"version-history":[{"count":17,"href":"https:\/\/christianassis.com\/blog\/wp-json\/wp\/v2\/pages\/1042\/revisions"}],"predecessor-version":[{"id":1074,"href":"https:\/\/christianassis.com\/blog\/wp-json\/wp\/v2\/pages\/1042\/revisions\/1074"}],"wp:attachment":[{"href":"https:\/\/christianassis.com\/blog\/wp-json\/wp\/v2\/media?parent=1042"}],"curies":[{"name":"wp","href":"https:\/\/api.w.org\/{rel}","templated":true}]}}