{"id":450,"date":"2018-11-20T22:37:33","date_gmt":"2018-11-21T01:37:33","guid":{"rendered":"https:\/\/christianassis.com\/blog\/?page_id=450"},"modified":"2020-03-31T17:43:17","modified_gmt":"2020-03-31T20:43:17","slug":"chuck-johnson","status":"publish","type":"page","link":"https:\/\/christianassis.com\/blog\/chuck-johnson\/","title":{"rendered":"Chuck &#038; Johnson"},"content":{"rendered":"<p>Um projeto pessoal em desenvolvimento, <strong>Chuck &amp; Johnson <\/strong>corresponde a um livro o qual estou escrevendo e que contempla di\u00e1logos que envolvem assuntos filos\u00f3ficos e psicol\u00f3gicos, os dois personagens que d\u00e3o nome ao livro s\u00e3o os protagonistas, eles s\u00e3o amigos que regados em v\u00edcios entram em conflito por pensamentos diferentes em rela\u00e7\u00e3o ao mundo, Chuck tenta de toda forma ajudar Johnson a fugir da depress\u00e3o a qual se encontra h\u00e1 anos.<\/p>\n<p>A fic\u00e7\u00e3o \u00e9 descrita em formato de romance e ter\u00e1 30 cap\u00edtulos, futuramente o livro estar\u00e1 dispon\u00edvel de forma virtual na Amazon. Pretendo at\u00e9 o fim de 2019 lan\u00e7ar a obra. O livro come\u00e7ou a ser desenvolvido em Maio de 2018 e todo o seu conte\u00fado \u00e9 feito por mim (Inclusive capas, formata\u00e7\u00e3o, ep\u00edgrafe, revis\u00e3o e etc).<\/p>\n<p><strong>Segue a ep\u00edgrafe do livro:\u00a0<\/strong><br \/>\n<em>\u201cA principal for\u00e7a que nos guia diariamente s\u00e3o os sonhos, a incerteza que nos faz levantar e seguir a rotina, o desejo de querer algo novo ou reviver sentimentos movimenta nossa alma para a viv\u00eancia e a busca, um homem sem sonhos nada mais \u00e9 que a calmaria tornando-se caos, somos apenas a ruptura pelo intang\u00edvel, a insaci\u00e1vel aprecia\u00e7\u00e3o daquilo que nunca nos pertencer\u00e1, insetos perdidos em busca do aconchego e saciados pela idiotice dum ideal \u00fanico. Apenas trastes perdendo tempo imaginando o perfeito\u2026\u201d<\/em><\/p>\n","protected":false},"excerpt":{"rendered":"<p>Um projeto pessoal em desenvolvimento, Chuck &amp; Johnson corresponde a um livro o qual estou [&hellip;]<\/p>\n","protected":false},"author":1,"featured_media":218,"parent":0,"menu_order":0,"comment_status":"closed","ping_status":"closed","template":"","meta":{"_exactmetrics_skip_tracking":false,"_exactmetrics_sitenote_active":false,"_exactmetrics_sitenote_note":"","_exactmetrics_sitenote_category":0,"jetpack_post_was_ever_published":false,"footnotes":""},"class_list":["post-450","page","type-page","status-publish","has-post-thumbnail","hentry","entry","grid"],"yoast_head":"<!-- This site is optimized with the Yoast SEO plugin v27.4 - https:\/\/yoast.com\/product\/yoast-seo-wordpress\/ -->\n<title>Chuck &amp; Johnson - CHRISTIAN ASSIS BLOG<\/title>\n<meta name=\"robots\" content=\"index, follow, max-snippet:-1, max-image-preview:large, max-video-preview:-1\" \/>\n<link rel=\"canonical\" href=\"https:\/\/christianassis.com\/blog\/chuck-johnson\/\" \/>\n<meta property=\"og:locale\" content=\"pt_BR\" \/>\n<meta property=\"og:type\" content=\"article\" \/>\n<meta property=\"og:title\" content=\"Chuck &amp; Johnson - CHRISTIAN ASSIS BLOG\" \/>\n<meta property=\"og:description\" content=\"Um projeto pessoal em desenvolvimento, Chuck &amp; Johnson corresponde a um livro o qual estou [&hellip;]\" \/>\n<meta property=\"og:url\" content=\"https:\/\/christianassis.com\/blog\/chuck-johnson\/\" \/>\n<meta property=\"og:site_name\" content=\"CHRISTIAN ASSIS BLOG\" \/>\n<meta property=\"article:modified_time\" content=\"2020-03-31T20:43:17+00:00\" \/>\n<meta property=\"og:image\" content=\"https:\/\/christianassis.com\/blog\/wp-content\/uploads\/2018\/10\/capas.jpg\" \/>\n\t<meta property=\"og:image:width\" content=\"2340\" \/>\n\t<meta property=\"og:image:height\" content=\"1648\" \/>\n\t<meta property=\"og:image:type\" content=\"image\/jpeg\" \/>\n<meta name=\"twitter:card\" content=\"summary_large_image\" \/>\n<meta name=\"twitter:label1\" content=\"Est. tempo de leitura\" \/>\n\t<meta name=\"twitter:data1\" content=\"1 minuto\" \/>\n<script type=\"application\/ld+json\" class=\"yoast-schema-graph\">{\"@context\":\"https:\\\/\\\/schema.org\",\"@graph\":[{\"@type\":\"WebPage\",\"@id\":\"https:\\\/\\\/christianassis.com\\\/blog\\\/chuck-johnson\\\/\",\"url\":\"https:\\\/\\\/christianassis.com\\\/blog\\\/chuck-johnson\\\/\",\"name\":\"Chuck & Johnson - CHRISTIAN ASSIS BLOG\",\"isPartOf\":{\"@id\":\"https:\\\/\\\/christianassis.com\\\/blog\\\/#website\"},\"primaryImageOfPage\":{\"@id\":\"https:\\\/\\\/christianassis.com\\\/blog\\\/chuck-johnson\\\/#primaryimage\"},\"image\":{\"@id\":\"https:\\\/\\\/christianassis.com\\\/blog\\\/chuck-johnson\\\/#primaryimage\"},\"thumbnailUrl\":\"https:\\\/\\\/christianassis.com\\\/blog\\\/wp-content\\\/uploads\\\/2018\\\/10\\\/capas.jpg\",\"datePublished\":\"2018-11-21T01:37:33+00:00\",\"dateModified\":\"2020-03-31T20:43:17+00:00\",\"breadcrumb\":{\"@id\":\"https:\\\/\\\/christianassis.com\\\/blog\\\/chuck-johnson\\\/#breadcrumb\"},\"inLanguage\":\"pt-BR\",\"potentialAction\":[{\"@type\":\"ReadAction\",\"target\":[\"https:\\\/\\\/christianassis.com\\\/blog\\\/chuck-johnson\\\/\"]}]},{\"@type\":\"ImageObject\",\"inLanguage\":\"pt-BR\",\"@id\":\"https:\\\/\\\/christianassis.com\\\/blog\\\/chuck-johnson\\\/#primaryimage\",\"url\":\"https:\\\/\\\/christianassis.com\\\/blog\\\/wp-content\\\/uploads\\\/2018\\\/10\\\/capas.jpg\",\"contentUrl\":\"https:\\\/\\\/christianassis.com\\\/blog\\\/wp-content\\\/uploads\\\/2018\\\/10\\\/capas.jpg\",\"width\":2340,\"height\":1648},{\"@type\":\"BreadcrumbList\",\"@id\":\"https:\\\/\\\/christianassis.com\\\/blog\\\/chuck-johnson\\\/#breadcrumb\",\"itemListElement\":[{\"@type\":\"ListItem\",\"position\":1,\"name\":\"Home\",\"item\":\"https:\\\/\\\/christianassis.com\\\/blog\\\/\"},{\"@type\":\"ListItem\",\"position\":2,\"name\":\"Chuck &#038; Johnson\"}]},{\"@type\":\"WebSite\",\"@id\":\"https:\\\/\\\/christianassis.com\\\/blog\\\/#website\",\"url\":\"https:\\\/\\\/christianassis.com\\\/blog\\\/\",\"name\":\"CHRISTIAN ASSIS BLOG\",\"description\":\"Pensamentos em Geral\",\"potentialAction\":[{\"@type\":\"SearchAction\",\"target\":{\"@type\":\"EntryPoint\",\"urlTemplate\":\"https:\\\/\\\/christianassis.com\\\/blog\\\/?s={search_term_string}\"},\"query-input\":{\"@type\":\"PropertyValueSpecification\",\"valueRequired\":true,\"valueName\":\"search_term_string\"}}],\"inLanguage\":\"pt-BR\"}]}<\/script>\n<!-- \/ Yoast SEO plugin. -->","yoast_head_json":{"title":"Chuck & Johnson - CHRISTIAN ASSIS BLOG","robots":{"index":"index","follow":"follow","max-snippet":"max-snippet:-1","max-image-preview":"max-image-preview:large","max-video-preview":"max-video-preview:-1"},"canonical":"https:\/\/christianassis.com\/blog\/chuck-johnson\/","og_locale":"pt_BR","og_type":"article","og_title":"Chuck & Johnson - CHRISTIAN ASSIS BLOG","og_description":"Um projeto pessoal em desenvolvimento, Chuck &amp; Johnson corresponde a um livro o qual estou [&hellip;]","og_url":"https:\/\/christianassis.com\/blog\/chuck-johnson\/","og_site_name":"CHRISTIAN ASSIS BLOG","article_modified_time":"2020-03-31T20:43:17+00:00","og_image":[{"width":2340,"height":1648,"url":"https:\/\/christianassis.com\/blog\/wp-content\/uploads\/2018\/10\/capas.jpg","type":"image\/jpeg"}],"twitter_card":"summary_large_image","twitter_misc":{"Est. tempo de leitura":"1 minuto"},"schema":{"@context":"https:\/\/schema.org","@graph":[{"@type":"WebPage","@id":"https:\/\/christianassis.com\/blog\/chuck-johnson\/","url":"https:\/\/christianassis.com\/blog\/chuck-johnson\/","name":"Chuck & Johnson - CHRISTIAN ASSIS BLOG","isPartOf":{"@id":"https:\/\/christianassis.com\/blog\/#website"},"primaryImageOfPage":{"@id":"https:\/\/christianassis.com\/blog\/chuck-johnson\/#primaryimage"},"image":{"@id":"https:\/\/christianassis.com\/blog\/chuck-johnson\/#primaryimage"},"thumbnailUrl":"https:\/\/christianassis.com\/blog\/wp-content\/uploads\/2018\/10\/capas.jpg","datePublished":"2018-11-21T01:37:33+00:00","dateModified":"2020-03-31T20:43:17+00:00","breadcrumb":{"@id":"https:\/\/christianassis.com\/blog\/chuck-johnson\/#breadcrumb"},"inLanguage":"pt-BR","potentialAction":[{"@type":"ReadAction","target":["https:\/\/christianassis.com\/blog\/chuck-johnson\/"]}]},{"@type":"ImageObject","inLanguage":"pt-BR","@id":"https:\/\/christianassis.com\/blog\/chuck-johnson\/#primaryimage","url":"https:\/\/christianassis.com\/blog\/wp-content\/uploads\/2018\/10\/capas.jpg","contentUrl":"https:\/\/christianassis.com\/blog\/wp-content\/uploads\/2018\/10\/capas.jpg","width":2340,"height":1648},{"@type":"BreadcrumbList","@id":"https:\/\/christianassis.com\/blog\/chuck-johnson\/#breadcrumb","itemListElement":[{"@type":"ListItem","position":1,"name":"Home","item":"https:\/\/christianassis.com\/blog\/"},{"@type":"ListItem","position":2,"name":"Chuck &#038; Johnson"}]},{"@type":"WebSite","@id":"https:\/\/christianassis.com\/blog\/#website","url":"https:\/\/christianassis.com\/blog\/","name":"CHRISTIAN ASSIS BLOG","description":"Pensamentos em Geral","potentialAction":[{"@type":"SearchAction","target":{"@type":"EntryPoint","urlTemplate":"https:\/\/christianassis.com\/blog\/?s={search_term_string}"},"query-input":{"@type":"PropertyValueSpecification","valueRequired":true,"valueName":"search_term_string"}}],"inLanguage":"pt-BR"}]}},"jetpack_sharing_enabled":true,"jetpack_shortlink":"https:\/\/wp.me\/Pah7sf-7g","_links":{"self":[{"href":"https:\/\/christianassis.com\/blog\/wp-json\/wp\/v2\/pages\/450","targetHints":{"allow":["GET"]}}],"collection":[{"href":"https:\/\/christianassis.com\/blog\/wp-json\/wp\/v2\/pages"}],"about":[{"href":"https:\/\/christianassis.com\/blog\/wp-json\/wp\/v2\/types\/page"}],"author":[{"embeddable":true,"href":"https:\/\/christianassis.com\/blog\/wp-json\/wp\/v2\/users\/1"}],"replies":[{"embeddable":true,"href":"https:\/\/christianassis.com\/blog\/wp-json\/wp\/v2\/comments?post=450"}],"version-history":[{"count":8,"href":"https:\/\/christianassis.com\/blog\/wp-json\/wp\/v2\/pages\/450\/revisions"}],"predecessor-version":[{"id":1049,"href":"https:\/\/christianassis.com\/blog\/wp-json\/wp\/v2\/pages\/450\/revisions\/1049"}],"wp:featuredmedia":[{"embeddable":true,"href":"https:\/\/christianassis.com\/blog\/wp-json\/wp\/v2\/media\/218"}],"wp:attachment":[{"href":"https:\/\/christianassis.com\/blog\/wp-json\/wp\/v2\/media?parent=450"}],"curies":[{"name":"wp","href":"https:\/\/api.w.org\/{rel}","templated":true}]}}